{"id":29,"date":"2022-01-22T10:58:24","date_gmt":"2022-01-22T09:58:24","guid":{"rendered":"https:\/\/pcoi.yt\/?page_id=29"},"modified":"2022-09-19T11:06:20","modified_gmt":"2022-09-19T09:06:20","slug":"disponible","status":"publish","type":"page","link":"https:\/\/pcoi.yt\/?page_id=29","title":{"rendered":"Disponible"},"content":{"rendered":"\n<div class=\"wp-block-media-text alignwide has-media-on-the-right is-stacked-on-mobile\"><figure class=\"wp-block-media-text__media\"><img loading=\"lazy\" decoding=\"async\" width=\"768\" height=\"1024\" src=\"https:\/\/pcoi.yt\/wp-content\/uploads\/2022\/07\/IMG_20220711_152956-768x1024.jpg\" alt=\"\" class=\"wp-image-146 size-full\" srcset=\"https:\/\/pcoi.yt\/wp-content\/uploads\/2022\/07\/IMG_20220711_152956-768x1024.jpg 768w, https:\/\/pcoi.yt\/wp-content\/uploads\/2022\/07\/IMG_20220711_152956-225x300.jpg 225w, https:\/\/pcoi.yt\/wp-content\/uploads\/2022\/07\/IMG_20220711_152956-1152x1536.jpg 1152w, https:\/\/pcoi.yt\/wp-content\/uploads\/2022\/07\/IMG_20220711_152956-1536x2048.jpg 1536w, https:\/\/pcoi.yt\/wp-content\/uploads\/2022\/07\/IMG_20220711_152956-scaled.jpg 1920w\" sizes=\"auto, (max-width: 768px) 100vw, 768px\" \/><\/figure><div class=\"wp-block-media-text__content\">\n<p class=\"has-large-font-size\"><mark style=\"background-color:rgba(0, 0, 0, 0)\" class=\"has-inline-color has-vivid-red-color\">CLIO IV<\/mark><\/p>\n\n\n\n<p>1.5dci Blanche<\/p>\n\n\n\n<p>Ann\u00e9e 2019, 22000 kilom\u00e8tres, Diesel<\/p>\n\n\n\n<p>5 places, radio, climatisation<\/p>\n\n\n\n<figure class=\"wp-block-image size-large\"><img loading=\"lazy\" decoding=\"async\" width=\"1024\" height=\"768\" src=\"https:\/\/pcoi.yt\/wp-content\/uploads\/2022\/07\/IMG_20220711_153006-1024x768.jpg\" alt=\"\" class=\"wp-image-148\" srcset=\"https:\/\/pcoi.yt\/wp-content\/uploads\/2022\/07\/IMG_20220711_153006-1024x768.jpg 1024w, https:\/\/pcoi.yt\/wp-content\/uploads\/2022\/07\/IMG_20220711_153006-300x225.jpg 300w, https:\/\/pcoi.yt\/wp-content\/uploads\/2022\/07\/IMG_20220711_153006-768x576.jpg 768w, https:\/\/pcoi.yt\/wp-content\/uploads\/2022\/07\/IMG_20220711_153006-1536x1152.jpg 1536w, https:\/\/pcoi.yt\/wp-content\/uploads\/2022\/07\/IMG_20220711_153006-2048x1536.jpg 2048w\" sizes=\"auto, (max-width: 1024px) 100vw, 1024px\" \/><\/figure>\n<\/div><\/div>\n\n\n\n<div class=\"wp-block-media-text alignwide is-stacked-on-mobile\"><figure class=\"wp-block-media-text__media\"><img loading=\"lazy\" decoding=\"async\" width=\"768\" height=\"1024\" src=\"https:\/\/pcoi.yt\/wp-content\/uploads\/2022\/09\/IMG_20220916_150216-768x1024.jpg\" alt=\"\" class=\"wp-image-168 size-full\" srcset=\"https:\/\/pcoi.yt\/wp-content\/uploads\/2022\/09\/IMG_20220916_150216-768x1024.jpg 768w, https:\/\/pcoi.yt\/wp-content\/uploads\/2022\/09\/IMG_20220916_150216-225x300.jpg 225w, https:\/\/pcoi.yt\/wp-content\/uploads\/2022\/09\/IMG_20220916_150216-1152x1536.jpg 1152w, https:\/\/pcoi.yt\/wp-content\/uploads\/2022\/09\/IMG_20220916_150216-1536x2048.jpg 1536w, https:\/\/pcoi.yt\/wp-content\/uploads\/2022\/09\/IMG_20220916_150216-scaled.jpg 1920w\" sizes=\"auto, (max-width: 768px) 100vw, 768px\" \/><\/figure><div class=\"wp-block-media-text__content\">\n<p class=\"has-large-font-size\"><mark style=\"background-color:rgba(0, 0, 0, 0)\" class=\"has-inline-color has-vivid-red-color\">PEUGOT 208<\/mark><\/p>\n\n\n\n<p>100cv BULE HDI<\/p>\n\n\n\n<p>Ann\u00e9e 2019<\/p>\n\n\n\n<p>16500 kms<\/p>\n\n\n\n<p>Diesel<\/p>\n\n\n\n<p>5 places<\/p>\n\n\n\n<p>Radio<\/p>\n\n\n\n<p>Climatisation<\/p>\n\n\n\n<p><em>(photo non contractuelle)<\/em><\/p>\n<\/div><\/div>\n\n\n\n<div class=\"wp-block-media-text alignwide is-stacked-on-mobile\"><figure class=\"wp-block-media-text__media\"><img loading=\"lazy\" decoding=\"async\" width=\"768\" height=\"1024\" src=\"https:\/\/pcoi.yt\/wp-content\/uploads\/2022\/07\/IMG_20220711_083142-1-768x1024.jpg\" alt=\"\" class=\"wp-image-159 size-full\" srcset=\"https:\/\/pcoi.yt\/wp-content\/uploads\/2022\/07\/IMG_20220711_083142-1-768x1024.jpg 768w, https:\/\/pcoi.yt\/wp-content\/uploads\/2022\/07\/IMG_20220711_083142-1-225x300.jpg 225w, https:\/\/pcoi.yt\/wp-content\/uploads\/2022\/07\/IMG_20220711_083142-1-1152x1536.jpg 1152w, https:\/\/pcoi.yt\/wp-content\/uploads\/2022\/07\/IMG_20220711_083142-1-1536x2048.jpg 1536w, https:\/\/pcoi.yt\/wp-content\/uploads\/2022\/07\/IMG_20220711_083142-1-scaled.jpg 1920w\" sizes=\"auto, (max-width: 768px) 100vw, 768px\" \/><\/figure><div class=\"wp-block-media-text__content\">\n<p class=\"has-large-font-size\"><mark style=\"background-color:rgba(0, 0, 0, 0)\" class=\"has-inline-color has-vivid-red-color\">Dacia DOKKER<\/mark><\/p>\n\n\n\n<p>1.5 dci Laur\u00e9ate<\/p>\n\n\n\n<p>Ann\u00e9e 2019, 22000 kilom\u00e8tres, Diesel<\/p>\n\n\n\n<p>5 places, radio , climatisation<\/p>\n\n\n\n<p class=\"has-small-font-size\"><em>(photo non contractuelle)<\/em><\/p>\n<\/div><\/div>\n\n\n\n<div class=\"wp-block-media-text alignwide has-media-on-the-right is-stacked-on-mobile\"><figure class=\"wp-block-media-text__media\"><img loading=\"lazy\" decoding=\"async\" width=\"768\" height=\"1024\" src=\"https:\/\/pcoi.yt\/wp-content\/uploads\/2022\/07\/IMG_20220711_083327-768x1024.jpg\" alt=\"\" class=\"wp-image-160 size-full\" srcset=\"https:\/\/pcoi.yt\/wp-content\/uploads\/2022\/07\/IMG_20220711_083327-768x1024.jpg 768w, https:\/\/pcoi.yt\/wp-content\/uploads\/2022\/07\/IMG_20220711_083327-225x300.jpg 225w, https:\/\/pcoi.yt\/wp-content\/uploads\/2022\/07\/IMG_20220711_083327-1152x1536.jpg 1152w, https:\/\/pcoi.yt\/wp-content\/uploads\/2022\/07\/IMG_20220711_083327-1536x2048.jpg 1536w, https:\/\/pcoi.yt\/wp-content\/uploads\/2022\/07\/IMG_20220711_083327-scaled.jpg 1920w\" sizes=\"auto, (max-width: 768px) 100vw, 768px\" \/><\/figure><div class=\"wp-block-media-text__content\">\n<p class=\"has-large-font-size\"><mark style=\"background-color:rgba(0, 0, 0, 0)\" class=\"has-inline-color has-vivid-red-color\">Dacia DOKKER<\/mark><\/p>\n\n\n\n<p>1.5 dci Laur\u00e9ate<\/p>\n\n\n\n<p>Ann\u00e9e 2019, 48000 kilom\u00e8tres, Diesel<\/p>\n\n\n\n<p>5 places, radio , climatisation<\/p>\n\n\n\n<p class=\"has-small-font-size\"><em>(photo non contractuelle)<\/em><\/p>\n<\/div><\/div>\n\n\n\n<div class=\"wp-block-ive-ibtana-visual-editorheading\"><div class=\"ive-advanced-text-wrap ive-div-advance-text_3e925c-3e undefined text-center text-md-center text-lg-center text-xl-center\"><h1 class=\"ive-heading-parent undefined ive-advanced-text-inner-wrap ive-adv-advance-text_3e925c-3e ive-lh-xs-30 ive-lh-sm-30 ive-lh-md-30 ive-lh-lg-30 ive-lh-xl-30\" id=\"ive-adv-advance-text_3e925c-3e\">Nous contacter :<br><br>contact@pcoi.yt<br><br>0639 291 366<\/h1><\/div><\/div>\n","protected":false},"excerpt":{"rendered":"<p>PEUGOT 208 100cv BULE HDI Ann\u00e9e 2019 16500 kms Diesel 5 places Radio Climatisation (photo non contractuelle) Dacia DOKKER 1.5 dci Laur\u00e9ate Ann\u00e9e 2019, 22000 kilom\u00e8tres, Diesel 5 places, radio , climatisation (photo non contractuelle) Dacia DOKKER 1.5 dci Laur\u00e9ate Ann\u00e9e 2019, 48000 kilom\u00e8tres, Diesel 5 places, radio , climatisation&hellip; <\/p>\n<p class=\"link-more\"><a href=\"https:\/\/pcoi.yt\/?page_id=29\" class=\"more-link\">Lire la suite\u00a0<span class=\"screen-reader-text\">Disponible<\/span><\/a><\/p>\n","protected":false},"author":1,"featured_media":0,"parent":0,"menu_order":0,"comment_status":"closed","ping_status":"closed","template":"","meta":{"_regular_price":[],"currency_symbol":[],"footnotes":""},"class_list":["post-29","page","type-page","status-publish","hentry"],"post_slider_layout_featured_media_urls":{"thumbnail":"","post_slider_layout_landscape_large":"","post_slider_layout_portrait_large":"","post_slider_layout_square_large":"","post_slider_layout_landscape":"","post_slider_layout_portrait":"","post_slider_layout_square":"","full":""},"_links":{"self":[{"href":"https:\/\/pcoi.yt\/index.php?rest_route=\/wp\/v2\/pages\/29","targetHints":{"allow":["GET"]}}],"collection":[{"href":"https:\/\/pcoi.yt\/index.php?rest_route=\/wp\/v2\/pages"}],"about":[{"href":"https:\/\/pcoi.yt\/index.php?rest_route=\/wp\/v2\/types\/page"}],"author":[{"embeddable":true,"href":"https:\/\/pcoi.yt\/index.php?rest_route=\/wp\/v2\/users\/1"}],"replies":[{"embeddable":true,"href":"https:\/\/pcoi.yt\/index.php?rest_route=%2Fwp%2Fv2%2Fcomments&post=29"}],"version-history":[{"count":7,"href":"https:\/\/pcoi.yt\/index.php?rest_route=\/wp\/v2\/pages\/29\/revisions"}],"predecessor-version":[{"id":170,"href":"https:\/\/pcoi.yt\/index.php?rest_route=\/wp\/v2\/pages\/29\/revisions\/170"}],"wp:attachment":[{"href":"https:\/\/pcoi.yt\/index.php?rest_route=%2Fwp%2Fv2%2Fmedia&parent=29"}],"curies":[{"name":"wp","href":"https:\/\/api.w.org\/{rel}","templated":true}]}}